{"id":1106,"date":"2018-06-01T22:00:08","date_gmt":"2018-06-01T20:00:08","guid":{"rendered":"https:\/\/complementosparaaves.com\/blog\/?page_id=1106"},"modified":"2018-06-01T22:00:50","modified_gmt":"2018-06-01T20:00:50","slug":"palmar-logistica-s-l","status":"publish","type":"page","link":"https:\/\/complementosparaaves.com\/blog\/es\/palmar-logistica-s-l\/","title":{"rendered":"Palmar Log\u00edstica S.L."},"content":{"rendered":"<p style=\"text-align: justify;\"><b><a href=\"https:\/\/www.complementosparaaves.com\/\">Complementosparaaves.com<\/a>\u00a0<\/b>naci\u00f3\u00a0en 2014 y constituye el nombre gen\u00e9rico de una p\u00e1gina web que surgi\u00f3 fruto de un conjunto de ideas comunes de dos de los sectores que nos apasionan, el farmac\u00e9utico y la veterinaria.<\/p>\n<p style=\"text-align: justify;\">Su principal objetivo es dar una\u00a0profesionalidad no encontrada anteriormente a los criadores y amantes de mascotas, como lo somos nosotros.<\/p>\n<p style=\"text-align: justify;\">Nuestro lanzamiento a las Mascotas fue en el 2015, pero es en este a\u00f1o 2016 cuando se ha producido\u00a0nuestro gran crecimiento en el mercado online.<\/p>\n<p style=\"text-align: justify;\">En este momento en<b>\u00a0<a href=\"https:\/\/www.complementosparaaves.com\/\">Complementosparaaves.com<\/a><\/b>\u00a0tenemos la intenci\u00f3n de expandirnos fuera de Espa\u00f1a y ser l\u00edder en Europa, y\u00a0seguir avanzando, innovando y ofreciendo nuevos productos y servicios.<\/p>\n<p style=\"text-align: justify;\">Actualmente ofrecemos m\u00e1s de 5000 referencias relacionadas con las mascotas, gestionamos numerosos pedidos diarios desde nuestro centro log\u00edstico y prevemos cerrar el a\u00f1o con un aumento del 400%.<\/p>\n<p style=\"text-align: justify;\">Para conocer mejor nuestra empresa puedes ver y\/o descargar nuestro dossier corporativo.<\/p>\n<p style=\"text-align: justify;\"><a href=\"https:\/\/localhost\/cpablog\/wp-content\/uploads\/2016\/12\/Dossier-Palmar.pdf\" target=\"_blank\"><img decoding=\"async\" class=\"wp-image-339 alignleft lazyload\" data-src=\"https:\/\/complementosparaaves.com\/blog\/wp-content\/uploads\/2016\/09\/portada-dossier-300x215.jpg\" alt=\"portada-dossier\" width=\"158\" height=\"113\" data-srcset=\"https:\/\/complementosparaaves.com\/blog\/wp-content\/uploads\/2016\/09\/portada-dossier-300x215.jpg 300w, https:\/\/complementosparaaves.com\/blog\/wp-content\/uploads\/2016\/09\/portada-dossier-768x551.jpg 768w, https:\/\/complementosparaaves.com\/blog\/wp-content\/uploads\/2016\/09\/portada-dossier-732x526.jpg 732w, https:\/\/complementosparaaves.com\/blog\/wp-content\/uploads\/2016\/09\/portada-dossier.jpg 975w\" data-sizes=\"(max-width: 158px) 100vw, 158px\" src=\"data:image\/gif;base64,R0lGODlhAQABAAAAACH5BAEKAAEALAAAAAABAAEAAAICTAEAOw==\" style=\"--smush-placeholder-width: 158px; --smush-placeholder-aspect-ratio: 158\/113;\" \/><noscript><img decoding=\"async\" class=\"wp-image-339 alignleft\" src=\"https:\/\/complementosparaaves.com\/blog\/wp-content\/uploads\/2016\/09\/portada-dossier-300x215.jpg\" alt=\"portada-dossier\" width=\"158\" height=\"113\" srcset=\"https:\/\/complementosparaaves.com\/blog\/wp-content\/uploads\/2016\/09\/portada-dossier-300x215.jpg 300w, https:\/\/complementosparaaves.com\/blog\/wp-content\/uploads\/2016\/09\/portada-dossier-768x551.jpg 768w, https:\/\/complementosparaaves.com\/blog\/wp-content\/uploads\/2016\/09\/portada-dossier-732x526.jpg 732w, https:\/\/complementosparaaves.com\/blog\/wp-content\/uploads\/2016\/09\/portada-dossier.jpg 975w\" sizes=\"(max-width: 158px) 100vw, 158px\" \/><\/noscript><\/a><\/p>\n","protected":false},"excerpt":{"rendered":"<p>Complementosparaaves.com\u00a0naci\u00f3\u00a0en 2014 y constituye el nombre gen\u00e9rico de una p\u00e1gina web que surgi\u00f3 fruto de un conjunto de ideas comunes de dos de los sectores &hellip;<\/p>\n<p class=\"read-more\"> <a class=\"ast-button\" href=\"https:\/\/complementosparaaves.com\/blog\/es\/palmar-logistica-s-l\/\"> <span class=\"screen-reader-text\">Palmar Log\u00edstica S.L.<\/span> Leer m\u00e1s<\/a><\/p>\n","protected":false},"author":5,"featured_media":0,"parent":0,"menu_order":0,"comment_status":"closed","ping_status":"closed","template":"","meta":[],"_links":{"self":[{"href":"https:\/\/complementosparaaves.com\/blog\/wp-json\/wp\/v2\/pages\/1106"}],"collection":[{"href":"https:\/\/complementosparaaves.com\/blog\/wp-json\/wp\/v2\/pages"}],"about":[{"href":"https:\/\/complementosparaaves.com\/blog\/wp-json\/wp\/v2\/types\/page"}],"author":[{"embeddable":true,"href":"https:\/\/complementosparaaves.com\/blog\/wp-json\/wp\/v2\/users\/5"}],"replies":[{"embeddable":true,"href":"https:\/\/complementosparaaves.com\/blog\/wp-json\/wp\/v2\/comments?post=1106"}],"version-history":[{"count":1,"href":"https:\/\/complementosparaaves.com\/blog\/wp-json\/wp\/v2\/pages\/1106\/revisions"}],"predecessor-version":[{"id":1107,"href":"https:\/\/complementosparaaves.com\/blog\/wp-json\/wp\/v2\/pages\/1106\/revisions\/1107"}],"wp:attachment":[{"href":"https:\/\/complementosparaaves.com\/blog\/wp-json\/wp\/v2\/media?parent=1106"}],"curies":[{"name":"wp","href":"https:\/\/api.w.org\/{rel}","templated":true}]}}