{"id":1120,"date":"2018-06-01T22:00:08","date_gmt":"2018-06-01T20:00:08","guid":{"rendered":"https:\/\/complementosparaaves.com\/blog\/?page_id=1106"},"modified":"2018-06-02T00:11:36","modified_gmt":"2018-06-01T22:11:36","slug":"palmar-logistique-s-l","status":"publish","type":"page","link":"https:\/\/complementosparaaves.com\/blog\/fr\/palmar-logistique-s-l\/","title":{"rendered":"Palmar Log\u00edstica S.L."},"content":{"rendered":"<p style=\"text-align: justify;\">Complementosparaaves.com est n\u00e9 en 2014 et constitue le nom g\u00e9n\u00e9rique d&#8217;une page Web qui est n\u00e9e d&#8217;un ensemble d&#8217;id\u00e9es communes de deux des secteurs que nous aimons, le pharmacien et le v\u00e9t\u00e9rinaire.<\/p>\n<p style=\"text-align: justify;\">Son objectif principal est de donner un professionnalisme qui n&#8217;a pas \u00e9t\u00e9 pr\u00e9c\u00e9demment trouv\u00e9 pour les \u00e9leveurs et les amateurs d&#8217;animaux de compagnie, comme nous sommes.<\/p>\n<p style=\"text-align: justify;\">Notre lancement d&#8217;animal de compagnie \u00e9tait dans le 2015, mais c&#8217;est en cette ann\u00e9e 2016 quand notre grande croissance dans le march\u00e9 en ligne s&#8217;est produite.<\/p>\n<p style=\"text-align: justify;\">En ce moment \u00e0 Complementosparaaves.com, nous avons l&#8217;intention de nous d\u00e9velopper en dehors de l&#8217;Espagne et d&#8217;\u00eatre un leader en Europe, et de continuer \u00e0 avancer, innover et offrir de nouveaux produits et services.<\/p>\n<p style=\"text-align: justify;\">Actuellement, nous offrons plus de 5000 r\u00e9f\u00e9rences li\u00e9es aux animaux de compagnie, nous g\u00e9rons de nombreuses commandes quotidiennes de notre centre logistique et nous anticipons la fermeture de l&#8217;ann\u00e9e avec une augmentation de 400%.<\/p>\n<p style=\"text-align: justify;\">Pour en savoir plus sur notre soci\u00e9t\u00e9, vous pouvez voir et\/ou t\u00e9l\u00e9charger notre dossier corporatif.<\/p>\n<p style=\"text-align: justify;\"><a href=\"https:\/\/localhost\/cpablog\/wp-content\/uploads\/2016\/12\/Dossier-Palmar.pdf\" target=\"_blank\"><img decoding=\"async\" class=\"wp-image-339 alignleft lazyload\" data-src=\"https:\/\/complementosparaaves.com\/blog\/wp-content\/uploads\/2016\/09\/portada-dossier-300x215.jpg\" alt=\"Accueil-dossier\" width=\"158\" height=\"113\" data-srcset=\"https:\/\/complementosparaaves.com\/blog\/wp-content\/uploads\/2016\/09\/portada-dossier-300x215.jpg 300w, https:\/\/complementosparaaves.com\/blog\/wp-content\/uploads\/2016\/09\/portada-dossier-768x551.jpg 768w, https:\/\/complementosparaaves.com\/blog\/wp-content\/uploads\/2016\/09\/portada-dossier-732x526.jpg 732w, https:\/\/complementosparaaves.com\/blog\/wp-content\/uploads\/2016\/09\/portada-dossier.jpg 975w\" data-sizes=\"(max-width: 158px) 100vw, 158px\" src=\"data:image\/gif;base64,R0lGODlhAQABAAAAACH5BAEKAAEALAAAAAABAAEAAAICTAEAOw==\" style=\"--smush-placeholder-width: 158px; --smush-placeholder-aspect-ratio: 158\/113;\" \/><noscript><img decoding=\"async\" class=\"wp-image-339 alignleft\" src=\"https:\/\/complementosparaaves.com\/blog\/wp-content\/uploads\/2016\/09\/portada-dossier-300x215.jpg\" alt=\"Accueil-dossier\" width=\"158\" height=\"113\" srcset=\"https:\/\/complementosparaaves.com\/blog\/wp-content\/uploads\/2016\/09\/portada-dossier-300x215.jpg 300w, https:\/\/complementosparaaves.com\/blog\/wp-content\/uploads\/2016\/09\/portada-dossier-768x551.jpg 768w, https:\/\/complementosparaaves.com\/blog\/wp-content\/uploads\/2016\/09\/portada-dossier-732x526.jpg 732w, https:\/\/complementosparaaves.com\/blog\/wp-content\/uploads\/2016\/09\/portada-dossier.jpg 975w\" sizes=\"(max-width: 158px) 100vw, 158px\" \/><\/noscript><\/a><\/p>\n","protected":false},"excerpt":{"rendered":"<p>Complementosparaaves.com est n\u00e9 en 2014 et constitue le nom g\u00e9n\u00e9rique d&#8217;une page Web qui est n\u00e9e d&#8217;un ensemble d&#8217;id\u00e9es communes de deux des secteurs que &hellip;<\/p>\n<p class=\"read-more\"> <a class=\"ast-button\" href=\"https:\/\/complementosparaaves.com\/blog\/fr\/palmar-logistique-s-l\/\"> <span class=\"screen-reader-text\">Palmar Log\u00edstica S.L.<\/span> Leer m\u00e1s<\/a><\/p>\n","protected":false},"author":5,"featured_media":0,"parent":0,"menu_order":0,"comment_status":"closed","ping_status":"closed","template":"","meta":[],"_links":{"self":[{"href":"https:\/\/complementosparaaves.com\/blog\/wp-json\/wp\/v2\/pages\/1120"}],"collection":[{"href":"https:\/\/complementosparaaves.com\/blog\/wp-json\/wp\/v2\/pages"}],"about":[{"href":"https:\/\/complementosparaaves.com\/blog\/wp-json\/wp\/v2\/types\/page"}],"author":[{"embeddable":true,"href":"https:\/\/complementosparaaves.com\/blog\/wp-json\/wp\/v2\/users\/5"}],"replies":[{"embeddable":true,"href":"https:\/\/complementosparaaves.com\/blog\/wp-json\/wp\/v2\/comments?post=1120"}],"version-history":[{"count":2,"href":"https:\/\/complementosparaaves.com\/blog\/wp-json\/wp\/v2\/pages\/1120\/revisions"}],"predecessor-version":[{"id":1153,"href":"https:\/\/complementosparaaves.com\/blog\/wp-json\/wp\/v2\/pages\/1120\/revisions\/1153"}],"wp:attachment":[{"href":"https:\/\/complementosparaaves.com\/blog\/wp-json\/wp\/v2\/media?parent=1120"}],"curies":[{"name":"wp","href":"https:\/\/api.w.org\/{rel}","templated":true}]}}