{"id":1124,"date":"2018-06-01T23:20:46","date_gmt":"2018-06-01T21:20:46","guid":{"rendered":"https:\/\/complementosparaaves.com\/blog\/?page_id=1116"},"modified":"2018-06-02T00:13:40","modified_gmt":"2018-06-01T22:13:40","slug":"contact-2","status":"publish","type":"page","link":"https:\/\/complementosparaaves.com\/blog\/fr\/contact-2\/","title":{"rendered":"Contact"},"content":{"rendered":"<table style=\"width: auto;\">\n<tbody>\n<tr>\n<td style=\"width: auto;\">\n<div class=\"wpcf7 no-js\" id=\"wpcf7-f54-o1\" lang=\"es-ES\" dir=\"ltr\">\n<div class=\"screen-reader-response\"><p role=\"status\" aria-live=\"polite\" aria-atomic=\"true\"><\/p> <ul><\/ul><\/div>\n<form action=\"\/blog\/wp-json\/wp\/v2\/pages\/1124\/#wpcf7-f54-o1\" method=\"post\" class=\"wpcf7-form init\" aria-label=\"Formulario de contacto\" novalidate=\"novalidate\" data-status=\"init\">\n<div style=\"display: none;\">\n<input type=\"hidden\" name=\"_wpcf7\" value=\"54\" \/>\n<input type=\"hidden\" name=\"_wpcf7_version\" value=\"5.7.6\" \/>\n<input type=\"hidden\" name=\"_wpcf7_locale\" value=\"es_ES\" \/>\n<input type=\"hidden\" name=\"_wpcf7_unit_tag\" value=\"wpcf7-f54-o1\" \/>\n<input type=\"hidden\" name=\"_wpcf7_container_post\" value=\"0\" \/>\n<input type=\"hidden\" name=\"_wpcf7_posted_data_hash\" value=\"\" \/>\n<\/div>\n<p><label> *Nom<br \/>\n<span class=\"wpcf7-form-control-wrap\" data-name=\"your-name\"><input size=\"40\" class=\"wpcf7-form-control wpcf7-text wpcf7-validates-as-required\" aria-required=\"true\" aria-invalid=\"false\" value=\"\" type=\"text\" name=\"your-name\" \/><\/span> <\/label>\n<\/p>\n<p><label> *Email<br \/>\n<span class=\"wpcf7-form-control-wrap\" data-name=\"your-email\"><input size=\"40\" class=\"wpcf7-form-control wpcf7-text wpcf7-email wpcf7-validates-as-required wpcf7-validates-as-email\" aria-required=\"true\" aria-invalid=\"false\" value=\"\" type=\"email\" name=\"your-email\" \/><\/span> <\/label>\n<\/p>\n<p><label> *Sujet<br \/>\n<span class=\"wpcf7-form-control-wrap\" data-name=\"your-subject\"><input size=\"40\" class=\"wpcf7-form-control wpcf7-text\" aria-invalid=\"false\" value=\"\" type=\"text\" name=\"your-subject\" \/><\/span> <\/label>\n<\/p>\n<p><label> *Message<br \/>\n<span class=\"wpcf7-form-control-wrap\" data-name=\"your-message\"><textarea cols=\"40\" rows=\"10\" class=\"wpcf7-form-control wpcf7-textarea\" aria-invalid=\"false\" name=\"your-message\"><\/textarea><\/span> <\/label>\n<\/p>\n<p><em>Para usar CAPTCHA, tienes que tener instalado el plugin <a href=\"https:\/\/wordpress.org\/plugins\/really-simple-captcha\/\">Really Simple CAPTCHA<\/a>.<\/em><span class=\"wpcf7-form-control-wrap\" data-name=\"captcha-976\"><input size=\"40\" class=\"wpcf7-form-control wpcf7-captchar\" autocomplete=\"off\" aria-invalid=\"false\" value=\"\" type=\"text\" name=\"captcha-976\" \/><\/span>\n<\/p>\n<p>Les champs marqu\u00e9s d'un (*) sont obligatoires.\n<\/p>\n<p><span><span class=\"wpcf7-form-control-wrap\" data-name=\"acceptance-279\"><span class=\"wpcf7-form-control wpcf7-acceptance\"><span class=\"wpcf7-list-item\"><input type=\"checkbox\" name=\"acceptance-279\" value=\"1\" aria-invalid=\"false\" \/><\/span><\/span><\/span> He le\u00eddo y acepto el <a target=\"_blank\" rel=\"nofollow noopener noreferrer\" href=\"https:\/\/complementosparaaves.com\/blog\/avisos-legales\">Aviso Legal<\/a> y la <a target=\"_blank\" rel=\"nofollow noopener noreferrer\" href=\"https:\/\/complementosparaaves.com\/blog\/politica-de-privacidad\">Pol\u00edtica de Privacidad<\/a>.<\/span>\n<\/p>\n<p><span><span class=\"wpcf7-form-control-wrap\" data-name=\"acceptance-414\"><span class=\"wpcf7-form-control wpcf7-acceptance\"><span class=\"wpcf7-list-item\"><input type=\"checkbox\" name=\"acceptance-414\" value=\"1\" aria-invalid=\"false\" \/><\/span><\/span><\/span> Declaro, bajo mi propia responsabilidad, ser mayor de 18 a\u00f1os y respondo de manera exclusiva de la veracidad de dicha declaraci\u00f3n.<\/span>\n<\/p>\n<p><span><span class=\"wpcf7-form-control-wrap\" data-name=\"acceptance-415\"><span class=\"wpcf7-form-control wpcf7-acceptance\"><span class=\"wpcf7-list-item\"><input type=\"checkbox\" name=\"acceptance-415\" value=\"1\" aria-invalid=\"false\" \/><\/span><\/span><\/span> Acepto recibir la informaci\u00f3n que la entidad considere oportuno enviarme por correo electr\u00f3nico o medio de comunicaci\u00f3n electr\u00f3nica equivalente. (Es posible darse de baja en cualquier momento).<\/span><br \/>\n<input class=\"wpcf7-form-control has-spinner wpcf7-submit\" type=\"submit\" value=\"Envoyer\" \/>\n<\/p>\n<p>En vertu de ce qui est \u00e9tabli dans le r\u00e8glement g\u00e9n\u00e9ral pour la protection des donn\u00e9es personnelles, le client dont les donn\u00e9es apparaissent dans ce formulaire, consent express\u00e9ment \u00e0 PALMAR LOGISTICA SL le traitement de leurs donn\u00e9es personnelles afin de facturer et de promouvoir le les services commercialis\u00e9s avec eux, ainsi que l'autorisation de communiquer avec les entit\u00e9s \u00e0 l'\u00e9gard desquelles PALMAR LOGISTICA SL a conclu un contrat pour la fourniture et la promotion de services. Les donn\u00e9es seront incluses dans un fichier automatis\u00e9 de PALMAR LOGISTICA SL qui a les mesures de s\u00e9curit\u00e9 n\u00e9cessaires pour sa confidentialit\u00e9 et vous pouvez exercer vos droits d'acc\u00e8s, rectification, annulation \/ suppression, opposition, limitation ou portabilit\u00e9 conform\u00e9ment \u00e0 la loi, dirigeant un \u00e9crit \u00e0 PALMAR LOGISTICA SL, Plaza Salinas 1. 45430 Mascaraque, Tol\u00e8de.\n<\/p><div class=\"wpcf7-response-output\" aria-hidden=\"true\"><\/div>\n<\/form>\n<\/div>\n<\/td>\n<\/tr>\n<tr>\n<td style=\"width: auto;\"><iframe style=\"border: 0;\" data-src=\"https:\/\/www.google.com\/maps\/embed?pb=!1m18!1m12!1m3!1d271.27579308996746!2d-3.8136798241237253!3d39.7141431737007!2m3!1f0!2f0!3f0!3m2!1i1024!2i768!4f13.1!3m3!1m2!1s0xd6a1c8815c6e895%3A0x7a2f6d5ab66128c2!2sPlaza+Salinas%2C+1%2C+45430+Mascaraque%2C+Toledo!5e0!3m2!1ses!2ses!4v1473788550379\" width=\"600\" height=\"450\" frameborder=\"0\" allowfullscreen=\"allowfullscreen\" src=\"data:image\/gif;base64,R0lGODlhAQABAAAAACH5BAEKAAEALAAAAAABAAEAAAICTAEAOw==\" class=\"lazyload\" data-load-mode=\"1\"><\/iframe><\/td>\n<\/tr>\n<\/tbody>\n<\/table>\n<p>&nbsp;<\/p>\n","protected":false},"excerpt":{"rendered":"<p>&nbsp;<\/p>\n","protected":false},"author":5,"featured_media":0,"parent":0,"menu_order":0,"comment_status":"closed","ping_status":"closed","template":"","meta":[],"_links":{"self":[{"href":"https:\/\/complementosparaaves.com\/blog\/wp-json\/wp\/v2\/pages\/1124"}],"collection":[{"href":"https:\/\/complementosparaaves.com\/blog\/wp-json\/wp\/v2\/pages"}],"about":[{"href":"https:\/\/complementosparaaves.com\/blog\/wp-json\/wp\/v2\/types\/page"}],"author":[{"embeddable":true,"href":"https:\/\/complementosparaaves.com\/blog\/wp-json\/wp\/v2\/users\/5"}],"replies":[{"embeddable":true,"href":"https:\/\/complementosparaaves.com\/blog\/wp-json\/wp\/v2\/comments?post=1124"}],"version-history":[{"count":3,"href":"https:\/\/complementosparaaves.com\/blog\/wp-json\/wp\/v2\/pages\/1124\/revisions"}],"predecessor-version":[{"id":1157,"href":"https:\/\/complementosparaaves.com\/blog\/wp-json\/wp\/v2\/pages\/1124\/revisions\/1157"}],"wp:attachment":[{"href":"https:\/\/complementosparaaves.com\/blog\/wp-json\/wp\/v2\/media?parent=1124"}],"curies":[{"name":"wp","href":"https:\/\/api.w.org\/{rel}","templated":true}]}}