{"id":1126,"date":"2018-06-01T22:53:09","date_gmt":"2018-06-01T20:53:09","guid":{"rendered":"https:\/\/complementosparaaves.com\/blog\/?page_id=1113"},"modified":"2018-06-02T00:13:08","modified_gmt":"2018-06-01T22:13:08","slug":"section-de-selectionneurs","status":"publish","type":"page","link":"https:\/\/complementosparaaves.com\/blog\/fr\/section-de-selectionneurs\/","title":{"rendered":"\u00c9leveurs du Club Palmar"},"content":{"rendered":"<h2 style=\"text-align: center;\"><\/h2>\n<table>\n<tbody>\n<tr>\n<td>\n<table style=\"float: left;\">\n<tbody>\n<tr>\n<td><img fetchpriority=\"high\" decoding=\"async\" class=\"alignnone size-medium wp-image-37\" src=\"https:\/\/complementosparaaves.com\/blog\/wp-content\/uploads\/2016\/09\/carlos-garcia-300x300.jpg\" alt=\"Carlos-Garcia\" width=\"300\" height=\"300\" \/><\/td>\n<\/tr>\n<\/tbody>\n<\/table>\n<table style=\"float: left; max-width: 300px;\">\n<tbody>\n<tr>\n<td>Voli\u00e8re: voli\u00e8res nom et pr\u00e9nom: Carlos Garc\u00eda \u00e9leveur national num\u00e9ro: B494 localit\u00e9: Villa del Prado province: Madrid T\u00e9l\u00e9phone: adresse courriel: aviarioarias@gmail.com Facebook: www.Facebook.com\/CarlosAviarias<\/td>\n<\/tr>\n<\/tbody>\n<\/table>\n<\/td>\n<\/tr>\n<\/tbody>\n<\/table>\n<table>\n<tbody>\n<tr>\n<td>\n<table style=\"float: left;\">\n<tbody>\n<tr>\n<td><img decoding=\"async\" class=\"alignnone wp-image-38 size-medium lazyload\" data-src=\"https:\/\/complementosparaaves.com\/blog\/wp-content\/uploads\/2016\/09\/fran-robledo-300x300.jpg\" width=\"300\" height=\"300\" src=\"data:image\/gif;base64,R0lGODlhAQABAAAAACH5BAEKAAEALAAAAAABAAEAAAICTAEAOw==\" style=\"--smush-placeholder-width: 300px; --smush-placeholder-aspect-ratio: 300\/300;\" \/><noscript><img decoding=\"async\" class=\"alignnone wp-image-38 size-medium\" src=\"https:\/\/complementosparaaves.com\/blog\/wp-content\/uploads\/2016\/09\/fran-robledo-300x300.jpg\" width=\"300\" height=\"300\" \/><\/noscript><\/td>\n<\/tr>\n<\/tbody>\n<\/table>\n<table style=\"float: left; max-width: 300px;\">\n<tbody>\n<tr>\n<td>Voli\u00e8re: voli\u00e8re Astures nom et pr\u00e9nom: Fran Robledo national \u00e9leveur Num\u00e9ro: 5K65 localit\u00e9: Gijon province: Asturias T\u00e9l\u00e9phone: adresse courriel: Facebook: https:\/\/www.Facebook.com\/fran.Robledo.52<\/td>\n<\/tr>\n<\/tbody>\n<\/table>\n<\/td>\n<\/tr>\n<\/tbody>\n<\/table>\n<table>\n<tbody>\n<tr>\n<td>\n<table style=\"float: left;\">\n<tbody>\n<tr>\n<td><img decoding=\"async\" class=\"alignnone wp-image-36 size-medium lazyload\" data-src=\"https:\/\/complementosparaaves.com\/blog\/wp-content\/uploads\/2016\/09\/aviario-vile-300x300.jpg\" width=\"300\" height=\"300\" src=\"data:image\/gif;base64,R0lGODlhAQABAAAAACH5BAEKAAEALAAAAAABAAEAAAICTAEAOw==\" style=\"--smush-placeholder-width: 300px; --smush-placeholder-aspect-ratio: 300\/300;\" \/><noscript><img decoding=\"async\" class=\"alignnone wp-image-36 size-medium\" src=\"https:\/\/complementosparaaves.com\/blog\/wp-content\/uploads\/2016\/09\/aviario-vile-300x300.jpg\" width=\"300\" height=\"300\" \/><\/noscript><\/td>\n<\/tr>\n<\/tbody>\n<\/table>\n<table style=\"float: left; max-width: 300px;\">\n<tbody>\n<tr>\n<td>Voli\u00e8re: voli\u00e8re nom vil: David \u00e9leveur national num\u00e9ro: GJ37 localit\u00e9: Sanl\u00facar de Barrameda province: Cadix T\u00e9l\u00e9phone: 645 660 659 adresse courriel: aviario.vile@gmail.com page Web: www.AVIARIOVILE.com Twitter: @aviariovile<\/td>\n<\/tr>\n<\/tbody>\n<\/table>\n<\/td>\n<\/tr>\n<\/tbody>\n<\/table>\n<table>\n<tbody>\n<tr>\n<td>\n<table style=\"float: left;\">\n<tbody>\n<tr>\n<td><img loading=\"lazy\" decoding=\"async\" class=\"alignnone wp-image-35 size-medium lazyload\" data-src=\"https:\/\/complementosparaaves.com\/blog\/wp-content\/uploads\/2016\/09\/aviario-mellado-garcia-300x300.jpg\" width=\"300\" height=\"300\" src=\"data:image\/gif;base64,R0lGODlhAQABAAAAACH5BAEKAAEALAAAAAABAAEAAAICTAEAOw==\" style=\"--smush-placeholder-width: 300px; --smush-placeholder-aspect-ratio: 300\/300;\" \/><noscript><img loading=\"lazy\" decoding=\"async\" class=\"alignnone wp-image-35 size-medium\" src=\"https:\/\/complementosparaaves.com\/blog\/wp-content\/uploads\/2016\/09\/aviario-mellado-garcia-300x300.jpg\" width=\"300\" height=\"300\" \/><\/noscript><\/td>\n<\/tr>\n<\/tbody>\n<\/table>\n<table style=\"float: left; max-width: 300px;\">\n<tbody>\n<tr>\n<td>Voli\u00e8re: voli\u00e8re et nom de famille; Daniel Mellado Martin \u00e9leveur national num\u00e9ro: 5p-17 localit\u00e9: D OS Hermanas province: Sevilla T\u00e9l\u00e9phone: 626843867 adresse courriel: zifban_@hotmail.com Facebook: https:\/\/www.Facebook.com\/AviarioMG<\/td>\n<\/tr>\n<\/tbody>\n<\/table>\n<\/td>\n<\/tr>\n<\/tbody>\n<\/table>\n<table>\n<tbody>\n<tr>\n<td>\n<table style=\"float: left;\">\n<tbody>\n<tr>\n<td><img loading=\"lazy\" decoding=\"async\" class=\"alignnone wp-image-32 size-medium lazyload\" data-src=\"https:\/\/complementosparaaves.com\/blog\/wp-content\/uploads\/2016\/09\/aviario-gomez-gutierrez-300x300.jpg\" width=\"300\" height=\"300\" src=\"data:image\/gif;base64,R0lGODlhAQABAAAAACH5BAEKAAEALAAAAAABAAEAAAICTAEAOw==\" style=\"--smush-placeholder-width: 300px; --smush-placeholder-aspect-ratio: 300\/300;\" \/><noscript><img loading=\"lazy\" decoding=\"async\" class=\"alignnone wp-image-32 size-medium\" src=\"https:\/\/complementosparaaves.com\/blog\/wp-content\/uploads\/2016\/09\/aviario-gomez-gutierrez-300x300.jpg\" width=\"300\" height=\"300\" \/><\/noscript><\/td>\n<\/tr>\n<\/tbody>\n<\/table>\n<table style=\"float: left; max-width: 300px;\">\n<tbody>\n<tr>\n<td>Voli\u00e8re: voli\u00e8re Gomez Gutierrez nom et pr\u00e9nom; Gomez Gutierrez \u00e9leveur national num\u00e9ro: 6T05 localit\u00e9: Alcala de Henares province: Madrid T\u00e9l\u00e9phone: 678545391 adresse courriel: Facebook: Facebook.com\/aviariogomezgutierrez.Agapornis<\/td>\n<\/tr>\n<\/tbody>\n<\/table>\n<\/td>\n<\/tr>\n<\/tbody>\n<\/table>\n<table>\n<tbody>\n<tr>\n<td>\n<table style=\"float: left;\">\n<tbody>\n<tr>\n<td><img loading=\"lazy\" decoding=\"async\" class=\"alignnone wp-image-31 size-medium lazyload\" data-src=\"https:\/\/complementosparaaves.com\/blog\/wp-content\/uploads\/2016\/09\/antonio-calvache-siles-300x300.jpg\" width=\"300\" height=\"300\" src=\"data:image\/gif;base64,R0lGODlhAQABAAAAACH5BAEKAAEALAAAAAABAAEAAAICTAEAOw==\" style=\"--smush-placeholder-width: 300px; --smush-placeholder-aspect-ratio: 300\/300;\" \/><noscript><img loading=\"lazy\" decoding=\"async\" class=\"alignnone wp-image-31 size-medium\" src=\"https:\/\/complementosparaaves.com\/blog\/wp-content\/uploads\/2016\/09\/antonio-calvache-siles-300x300.jpg\" width=\"300\" height=\"300\" \/><\/noscript><\/td>\n<\/tr>\n<\/tbody>\n<\/table>\n<table style=\"float: left; max-width: 300px;\">\n<tbody>\n<tr>\n<td>Voli\u00e8re: Egara nom: Antonio CALVACHE Siles C. N: HJ007 ville: Terrasa Provincia: Barcelona Tlf: 606933955: antoniocalsil@gmail.com Facebook: https:\/\/www.Facebook.com\/aviario.Terrassa<\/td>\n<\/tr>\n<\/tbody>\n<\/table>\n<\/td>\n<\/tr>\n<\/tbody>\n<\/table>\n<table>\n<tbody>\n<tr>\n<td>\n<table style=\"float: left;\">\n<tbody>\n<tr>\n<td><img loading=\"lazy\" decoding=\"async\" class=\"alignnone wp-image-34 size-medium lazyload\" data-src=\"https:\/\/complementosparaaves.com\/blog\/wp-content\/uploads\/2016\/09\/aviario-marucho-300x300.jpg\" width=\"300\" height=\"300\" src=\"data:image\/gif;base64,R0lGODlhAQABAAAAACH5BAEKAAEALAAAAAABAAEAAAICTAEAOw==\" style=\"--smush-placeholder-width: 300px; --smush-placeholder-aspect-ratio: 300\/300;\" \/><noscript><img loading=\"lazy\" decoding=\"async\" class=\"alignnone wp-image-34 size-medium\" src=\"https:\/\/complementosparaaves.com\/blog\/wp-content\/uploads\/2016\/09\/aviario-marucho-300x300.jpg\" width=\"300\" height=\"300\" \/><\/noscript><\/td>\n<\/tr>\n<\/tbody>\n<\/table>\n<table style=\"float: left; max-width: 300px;\">\n<tbody>\n<tr>\n<td>Marucho voli\u00e8re nom: Manuel Rodriguez \u00e9leveur Num\u00e9ro: 3M85 localit\u00e9: Motril province: Grenade mail: Aviariomarucho@gmail.com Facebook: https:\/\/www.Facebook.com\/Profile.php?ID=100009695349010&amp;fref=TS Tlf: 693 426 404<\/td>\n<\/tr>\n<\/tbody>\n<\/table>\n<\/td>\n<\/tr>\n<\/tbody>\n<\/table>\n<table>\n<tbody>\n<tr>\n<td>\n<table style=\"float: left;\">\n<tbody>\n<tr>\n<td><img loading=\"lazy\" decoding=\"async\" class=\"alignnone wp-image-30 size-medium lazyload\" data-src=\"https:\/\/complementosparaaves.com\/blog\/wp-content\/uploads\/2016\/09\/andres-egea-300x300.jpg\" width=\"300\" height=\"300\" src=\"data:image\/gif;base64,R0lGODlhAQABAAAAACH5BAEKAAEALAAAAAABAAEAAAICTAEAOw==\" style=\"--smush-placeholder-width: 300px; --smush-placeholder-aspect-ratio: 300\/300;\" \/><noscript><img loading=\"lazy\" decoding=\"async\" class=\"alignnone wp-image-30 size-medium\" src=\"https:\/\/complementosparaaves.com\/blog\/wp-content\/uploads\/2016\/09\/andres-egea-300x300.jpg\" width=\"300\" height=\"300\" \/><\/noscript><\/td>\n<\/tr>\n<\/tbody>\n<\/table>\n<table style=\"float: left; max-width: 300px;\">\n<tbody>\n<tr>\n<td>Voli\u00e8re: Andres Egea nom: Andres Egea national \u00e9leveur Num\u00e9ro: 4R63 localit\u00e9: Benicarlo province: Castell\u00f3n Telf: 639573728 adresse \u00e9lectronique: andresegea@hotmail.es page Web: aviarioandresegeacl.jimdo.com Facebook: Andres egea<\/td>\n<\/tr>\n<\/tbody>\n<\/table>\n<\/td>\n<\/tr>\n<\/tbody>\n<\/table>\n<table>\n<tbody>\n<tr>\n<td>\n<table style=\"float: left;\">\n<tbody>\n<tr>\n<td><img loading=\"lazy\" decoding=\"async\" class=\"alignnone wp-image-33 size-medium lazyload\" data-src=\"https:\/\/complementosparaaves.com\/blog\/wp-content\/uploads\/2016\/09\/aviario-j-y-r-300x300.jpg\" width=\"300\" height=\"300\" src=\"data:image\/gif;base64,R0lGODlhAQABAAAAACH5BAEKAAEALAAAAAABAAEAAAICTAEAOw==\" style=\"--smush-placeholder-width: 300px; --smush-placeholder-aspect-ratio: 300\/300;\" \/><noscript><img loading=\"lazy\" decoding=\"async\" class=\"alignnone wp-image-33 size-medium\" src=\"https:\/\/complementosparaaves.com\/blog\/wp-content\/uploads\/2016\/09\/aviario-j-y-r-300x300.jpg\" width=\"300\" height=\"300\" \/><\/noscript><\/td>\n<\/tr>\n<\/tbody>\n<\/table>\n<table style=\"float: left; max-width: 300px;\">\n<tbody>\n<tr>\n<td>Voli\u00e8re: JyR nom: Jos\u00e9 Manuel Santacruz Moreno national \u00e9leveur Num\u00e9ro: 6H27 localit\u00e9: Consuegra province: Tol\u00e8de T\u00e9l\u00e9phone: 611419295 adresse \u00e9lectronique: jmsantacruzm@gmail.com Facebook: Jose Manuel Santacruz Moreno<\/td>\n<\/tr>\n<\/tbody>\n<\/table>\n<\/td>\n<\/tr>\n<\/tbody>\n<\/table>\n<table>\n<tbody>\n<tr>\n<td>\n<table style=\"float: left;\">\n<tbody>\n<tr>\n<td><img loading=\"lazy\" decoding=\"async\" class=\"alignnone wp-image-29 size-medium lazyload\" data-src=\"https:\/\/complementosparaaves.com\/blog\/wp-content\/uploads\/2016\/09\/agapornis-palencia-300x300.jpg\" width=\"300\" height=\"300\" src=\"data:image\/gif;base64,R0lGODlhAQABAAAAACH5BAEKAAEALAAAAAABAAEAAAICTAEAOw==\" style=\"--smush-placeholder-width: 300px; --smush-placeholder-aspect-ratio: 300\/300;\" \/><noscript><img loading=\"lazy\" decoding=\"async\" class=\"alignnone wp-image-29 size-medium\" src=\"https:\/\/complementosparaaves.com\/blog\/wp-content\/uploads\/2016\/09\/agapornis-palencia-300x300.jpg\" width=\"300\" height=\"300\" \/><\/noscript><\/td>\n<\/tr>\n<\/tbody>\n<\/table>\n<table style=\"float: left; max-width: 300px;\">\n<tbody>\n<tr>\n<td>Voli\u00e8re: tourtereaux nom: David national \u00e9leveur Num\u00e9ro: 4Z46 localit\u00e9: Palencia Provincia: Palencia T\u00e9l\u00e9phone: 664115435 Courriel: agapornispalencia@gmail.com Web: www.agapornispalencia.jimdo.com Facebook: www.Facebook.com\/Agapornis.Palencia Twitter: www.twitter.com\/AgapornisPalen<\/td>\n<\/tr>\n<\/tbody>\n<\/table>\n<\/td>\n<\/tr>\n<\/tbody>\n<\/table>\n<p>&nbsp;<\/p>\n","protected":false},"excerpt":{"rendered":"<p>Voli\u00e8re: voli\u00e8res nom et pr\u00e9nom: Carlos Garc\u00eda \u00e9leveur national num\u00e9ro: B494 localit\u00e9: Villa del Prado province: Madrid T\u00e9l\u00e9phone: adresse courriel: aviarioarias@gmail.com Facebook: www.Facebook.com\/CarlosAviarias Voli\u00e8re: voli\u00e8re &hellip;<\/p>\n<p class=\"read-more\"> <a class=\"ast-button\" href=\"https:\/\/complementosparaaves.com\/blog\/fr\/section-de-selectionneurs\/\"> <span class=\"screen-reader-text\">\u00c9leveurs du Club Palmar<\/span> Leer m\u00e1s<\/a><\/p>\n","protected":false},"author":5,"featured_media":0,"parent":0,"menu_order":0,"comment_status":"closed","ping_status":"closed","template":"","meta":[],"_links":{"self":[{"href":"https:\/\/complementosparaaves.com\/blog\/wp-json\/wp\/v2\/pages\/1126"}],"collection":[{"href":"https:\/\/complementosparaaves.com\/blog\/wp-json\/wp\/v2\/pages"}],"about":[{"href":"https:\/\/complementosparaaves.com\/blog\/wp-json\/wp\/v2\/types\/page"}],"author":[{"embeddable":true,"href":"https:\/\/complementosparaaves.com\/blog\/wp-json\/wp\/v2\/users\/5"}],"replies":[{"embeddable":true,"href":"https:\/\/complementosparaaves.com\/blog\/wp-json\/wp\/v2\/comments?post=1126"}],"version-history":[{"count":1,"href":"https:\/\/complementosparaaves.com\/blog\/wp-json\/wp\/v2\/pages\/1126\/revisions"}],"predecessor-version":[{"id":1155,"href":"https:\/\/complementosparaaves.com\/blog\/wp-json\/wp\/v2\/pages\/1126\/revisions\/1155"}],"wp:attachment":[{"href":"https:\/\/complementosparaaves.com\/blog\/wp-json\/wp\/v2\/media?parent=1126"}],"curies":[{"name":"wp","href":"https:\/\/api.w.org\/{rel}","templated":true}]}}